{"id":46,"date":"2026-03-18T12:05:56","date_gmt":"2026-03-18T12:05:56","guid":{"rendered":"https:\/\/gustavoabadie.com\/?page_id=46"},"modified":"2026-03-18T12:09:06","modified_gmt":"2026-03-18T12:09:06","slug":"blog","status":"publish","type":"page","link":"https:\/\/gustavoabadie.com\/?page_id=46","title":{"rendered":"Blog"},"content":{"rendered":"\n<div class=\"wp-block-group is-layout-constrained wp-block-group-is-layout-constrained\" style=\"padding-top:var(--wp--preset--spacing--50);padding-bottom:var(--wp--preset--spacing--50)\">\n<h2 class=\"wp-block-heading\"><\/h2>\n\n\n\n<div class=\"wp-block-query is-layout-flow wp-block-query-is-layout-flow\"><ul class=\"columns-1 wp-block-post-template is-layout-grid wp-container-core-post-template-is-layout-16239ef5 wp-block-post-template-is-layout-grid\"><li class=\"wp-block-post post-50 post type-post status-publish format-standard hentry category-opiniao\">\n\n<div class=\"wp-block-group has-background-secondary-background-color has-background is-layout-constrained wp-container-core-group-is-layout-38cc93ce wp-block-group-is-layout-constrained\" style=\"border-radius:20px;padding-top:var(--wp--preset--spacing--40);padding-right:var(--wp--preset--spacing--40);padding-bottom:var(--wp--preset--spacing--40);padding-left:var(--wp--preset--spacing--40)\">\n<div class=\"wp-block-group wp-container-content-9cfa9a5a is-content-justification-space-between is-nowrap is-layout-flex wp-container-core-group-is-layout-f36ac205 wp-block-group-is-layout-flex\"><h2 style=\"margin-top:0;margin-right:0;margin-bottom:0;margin-left:0;\" class=\"has-link-color wp-elements-c6211cda3d97661512c1abc274f9bfc8 wp-block-post-title has-text-color has-primary-color has-large-font-size\"><a href=\"https:\/\/gustavoabadie.com\/?p=50\" target=\"_self\" >A Crise da Responsabilidade Legislativa no Brasil<\/a><\/h2>\n\n\n<div class=\"wp-block-group is-layout-flex wp-block-group-is-layout-flex\" style=\"padding-top:0;padding-right:0;padding-bottom:0;padding-left:0\"><div class=\"has-link-color wp-elements-d76d3bb70f1227ebe45f720136859c99 wp-block-post-date has-text-color has-secondary-color\"><time datetime=\"2026-03-18T12:11:05+00:00\">mar\u00e7o 18, 2026<\/time><\/div>\n\n<\/div>\n<\/div>\n\n\n<div style=\"margin-bottom:0;margin-top:var(--wp--preset--spacing--30);\" class=\"wp-block-post-excerpt has-small-font-size\"><p class=\"wp-block-post-excerpt__excerpt\">O Voto Ausente: Como a Lei 6.674\/2025 Normalizou a Legisla\u00e7\u00e3o Sem Risco Pol\u00edtico A aprova\u00e7\u00e3o da Lei n\u00ba 6.674\/2025, que institui o programa &#8220;Antes que Aconte\u00e7a&#8221;, \u00e9 mais do que um ato legislativo; \u00e9 um sintoma da eros\u00e3o da responsabilidade pol\u00edtica no Brasil. O que deveria ser um debate robusto sobre uma pol\u00edtica p\u00fablica de&hellip;<\/p><p class=\"wp-block-post-excerpt__more-text\"><a class=\"wp-block-post-excerpt__more-link\" href=\"https:\/\/gustavoabadie.com\/?p=50\">Read more \u2192<\/a><\/p><\/div><\/div>\n\n<\/li><li class=\"wp-block-post post-15 post type-post status-publish format-standard has-post-thumbnail hentry category-uncategorized\">\n\n<div class=\"wp-block-group has-background-secondary-background-color has-background is-layout-constrained wp-container-core-group-is-layout-38cc93ce wp-block-group-is-layout-constrained\" style=\"border-radius:20px;padding-top:var(--wp--preset--spacing--40);padding-right:var(--wp--preset--spacing--40);padding-bottom:var(--wp--preset--spacing--40);padding-left:var(--wp--preset--spacing--40)\">\n<div class=\"wp-block-group wp-container-content-9cfa9a5a is-content-justification-space-between is-nowrap is-layout-flex wp-container-core-group-is-layout-f36ac205 wp-block-group-is-layout-flex\"><h2 style=\"margin-top:0;margin-right:0;margin-bottom:0;margin-left:0;\" class=\"has-link-color wp-elements-c6211cda3d97661512c1abc274f9bfc8 wp-block-post-title has-text-color has-primary-color has-large-font-size\"><a href=\"https:\/\/gustavoabadie.com\/?p=15\" target=\"_self\" >Gest\u00e3o Patrimonial: O Guia Estrat\u00e9gico para Proteger e Escalar sua Riqueza<\/a><\/h2>\n\n\n<div class=\"wp-block-group is-layout-flex wp-block-group-is-layout-flex\" style=\"padding-top:0;padding-right:0;padding-bottom:0;padding-left:0\"><div class=\"has-link-color wp-elements-d76d3bb70f1227ebe45f720136859c99 wp-block-post-date has-text-color has-secondary-color\"><time datetime=\"2026-03-13T20:26:36+00:00\">mar\u00e7o 13, 2026<\/time><\/div>\n\n<\/div>\n<\/div>\n\n\n<div style=\"margin-bottom:0;margin-top:var(--wp--preset--spacing--30);\" class=\"wp-block-post-excerpt has-small-font-size\"><p class=\"wp-block-post-excerpt__excerpt\">Tempo estimado de leitura: 4 a 5 minutos. No din\u00e2mico cen\u00e1rio econ\u00f4mico de 2026, acumular capital \u00e9 apenas o primeiro passo. O verdadeiro desafio \u2014 e onde muitos falham \u2014 \u00e9 a manuten\u00e7\u00e3o e a perpetua\u00e7\u00e3o desse valor. A Gest\u00e3o Patrimonial (ou Wealth Management) deixou de ser um servi\u00e7o exclusivo para bilion\u00e1rios e tornou-se uma&hellip;<\/p><p class=\"wp-block-post-excerpt__more-text\"><a class=\"wp-block-post-excerpt__more-link\" href=\"https:\/\/gustavoabadie.com\/?p=15\">Read more \u2192<\/a><\/p><\/div><\/div>\n\n<\/li><li class=\"wp-block-post post-11 post type-post status-publish format-standard has-post-thumbnail hentry category-uncategorized\">\n\n<div class=\"wp-block-group has-background-secondary-background-color has-background is-layout-constrained wp-container-core-group-is-layout-38cc93ce wp-block-group-is-layout-constrained\" style=\"border-radius:20px;padding-top:var(--wp--preset--spacing--40);padding-right:var(--wp--preset--spacing--40);padding-bottom:var(--wp--preset--spacing--40);padding-left:var(--wp--preset--spacing--40)\">\n<div class=\"wp-block-group wp-container-content-9cfa9a5a is-content-justification-space-between is-nowrap is-layout-flex wp-container-core-group-is-layout-f36ac205 wp-block-group-is-layout-flex\"><h2 style=\"margin-top:0;margin-right:0;margin-bottom:0;margin-left:0;\" class=\"has-link-color wp-elements-c6211cda3d97661512c1abc274f9bfc8 wp-block-post-title has-text-color has-primary-color has-large-font-size\"><a href=\"https:\/\/gustavoabadie.com\/?p=11\" target=\"_self\" >Contabilidade Digital: A Transforma\u00e7\u00e3o Estrat\u00e9gica que o seu Neg\u00f3cio Precisa<\/a><\/h2>\n\n\n<div class=\"wp-block-group is-layout-flex wp-block-group-is-layout-flex\" style=\"padding-top:0;padding-right:0;padding-bottom:0;padding-left:0\"><div class=\"has-link-color wp-elements-d76d3bb70f1227ebe45f720136859c99 wp-block-post-date has-text-color has-secondary-color\"><time datetime=\"2026-03-13T20:23:00+00:00\">mar\u00e7o 13, 2026<\/time><\/div>\n\n<\/div>\n<\/div>\n\n\n<div style=\"margin-bottom:0;margin-top:var(--wp--preset--spacing--30);\" class=\"wp-block-post-excerpt has-small-font-size\"><p class=\"wp-block-post-excerpt__excerpt\">Tempo estimado de leitura: 4 a 5 minutos. No cen\u00e1rio empresarial de 2026, a agilidade n\u00e3o \u00e9 mais um diferencial, mas um pr\u00e9-requisito para a sobreviv\u00eancia. No cora\u00e7\u00e3o dessa agilidade est\u00e1 a Contabilidade Digital, uma evolu\u00e7\u00e3o que transcende a simples digitaliza\u00e7\u00e3o de documentos e se torna um pilar fundamental para a gest\u00e3o estrat\u00e9gica. Se voc\u00ea&hellip;<\/p><p class=\"wp-block-post-excerpt__more-text\"><a class=\"wp-block-post-excerpt__more-link\" href=\"https:\/\/gustavoabadie.com\/?p=11\">Read more \u2192<\/a><\/p><\/div><\/div>\n\n<\/li><\/ul>\n\n<\/div>\n<\/div>\n","protected":false},"excerpt":{"rendered":"","protected":false},"author":1,"featured_media":0,"parent":0,"menu_order":0,"comment_status":"closed","ping_status":"closed","template":"","meta":{"_eb_attr":"","_crdt_document":"","_joinchat":[],"footnotes":""},"class_list":["post-46","page","type-page","status-publish","hentry"],"_hostinger_reach_plugin_has_subscription_block":false,"_hostinger_reach_plugin_is_elementor":false,"_links":{"self":[{"href":"https:\/\/gustavoabadie.com\/index.php?rest_route=\/wp\/v2\/pages\/46","targetHints":{"allow":["GET"]}}],"collection":[{"href":"https:\/\/gustavoabadie.com\/index.php?rest_route=\/wp\/v2\/pages"}],"about":[{"href":"https:\/\/gustavoabadie.com\/index.php?rest_route=\/wp\/v2\/types\/page"}],"author":[{"embeddable":true,"href":"https:\/\/gustavoabadie.com\/index.php?rest_route=\/wp\/v2\/users\/1"}],"replies":[{"embeddable":true,"href":"https:\/\/gustavoabadie.com\/index.php?rest_route=%2Fwp%2Fv2%2Fcomments&post=46"}],"version-history":[{"count":2,"href":"https:\/\/gustavoabadie.com\/index.php?rest_route=\/wp\/v2\/pages\/46\/revisions"}],"predecessor-version":[{"id":49,"href":"https:\/\/gustavoabadie.com\/index.php?rest_route=\/wp\/v2\/pages\/46\/revisions\/49"}],"wp:attachment":[{"href":"https:\/\/gustavoabadie.com\/index.php?rest_route=%2Fwp%2Fv2%2Fmedia&parent=46"}],"curies":[{"name":"wp","href":"https:\/\/api.w.org\/{rel}","templated":true}]}}